{"id":3210,"date":"2020-08-07T12:46:47","date_gmt":"2020-08-07T12:46:47","guid":{"rendered":"https:\/\/rapid-ex.de\/?page_id=3210"},"modified":"2022-11-22T10:39:51","modified_gmt":"2022-11-22T10:39:51","slug":"tubetec","status":"publish","type":"page","link":"https:\/\/rapid-ex.de\/index.php\/tubetec\/","title":{"rendered":"TubeTec\u00ae"},"content":{"rendered":"<div class=\"flex_column av_one_fifth  flex_column_div av-zero-column-padding first  avia-builder-el-0  el_before_av_four_fifth  avia-builder-el-first  \" style='border-radius:0px; '><div   data-size='no scaling'  data-lightbox_size='large'  data-animation='fade'  data-conditional_play=''  data-ids='3306,3318'  data-video_counter='0'  data-autoplay='true'  data-bg_slider='false'  data-slide_height=''  data-handle='av_slideshow'  data-interval='4'  data-class=' avia-builder-el-1  avia-builder-el-no-sibling  '  data-el_id=''  data-css_id=''  data-scroll_down=''  data-control_layout='av-control-hidden'  data-custom_markup=''  data-perma_caption=''  data-autoplay_stopper=''  data-image_attachment=''  data-min_height='0px'  data-lazy_loading='disabled'  class='avia-slideshow avia-slideshow-1  av-control-hidden av-default-height-applied avia-slideshow-no scaling av_slideshow  avia-builder-el-1  avia-builder-el-no-sibling   avia-fade-slider '  itemprop=\"image\" itemscope=\"itemscope\" itemtype=\"https:\/\/schema.org\/ImageObject\" ><ul class='avia-slideshow-inner ' style='padding-bottom: 38.9651531151%;' ><li  class=' slide-1 ' ><div data-rel='slideshow-1' class='avia-slide-wrap '   ><img decoding=\"async\" class=\"wp-image-3306 avia-img-lazy-loading-not-3306\"  src=\"https:\/\/rapid-ex.de\/wp-content\/uploads\/2020\/08\/Tube-2.jpg\" width=\"947\" height=\"369\" title='Tube-2' alt=''  itemprop=\"thumbnailUrl\" srcset=\"https:\/\/rapid-ex.de\/wp-content\/uploads\/2020\/08\/Tube-2.jpg 947w, https:\/\/rapid-ex.de\/wp-content\/uploads\/2020\/08\/Tube-2-300x117.jpg 300w, https:\/\/rapid-ex.de\/wp-content\/uploads\/2020\/08\/Tube-2-768x299.jpg 768w, https:\/\/rapid-ex.de\/wp-content\/uploads\/2020\/08\/Tube-2-705x275.jpg 705w, https:\/\/rapid-ex.de\/wp-content\/uploads\/2020\/08\/Tube-2-450x175.jpg 450w\" sizes=\"(max-width: 947px) 100vw, 947px\" \/><\/div><\/li><li  class=' slide-2 ' ><div data-rel='slideshow-1' class='avia-slide-wrap '   ><img decoding=\"async\" class=\"wp-image-3318 avia-img-lazy-loading-not-3318\"  src=\"https:\/\/rapid-ex.de\/wp-content\/uploads\/2020\/08\/RapidEx-farbe-e1597135358952.jpg\" width=\"374\" height=\"87\" title='RapidEx farbe' alt=''  itemprop=\"thumbnailUrl\" srcset=\"https:\/\/rapid-ex.de\/wp-content\/uploads\/2020\/08\/RapidEx-farbe-e1597135358952.jpg 374w, https:\/\/rapid-ex.de\/wp-content\/uploads\/2020\/08\/RapidEx-farbe-e1597135358952-300x70.jpg 300w\" sizes=\"(max-width: 374px) 100vw, 374px\" \/><\/div><\/li><\/ul><div class='avia-slideshow-arrows avia-slideshow-controls'><a href='#prev' class='prev-slide' aria-hidden='true' data-av_icon='\ue87c' data-av_iconfont='entypo-fontello'>Zur\u00fcck<\/a><a href='#next' class='next-slide' aria-hidden='true' data-av_icon='\ue87d' data-av_iconfont='entypo-fontello'>Weiter<\/a><\/div><div class='avia-slideshow-dots avia-slideshow-controls'><a href='#1' class='goto-slide active' >1<\/a><a href='#2' class='goto-slide ' >2<\/a><\/div><\/div><\/div>\n<div class=\"flex_column av_four_fifth  flex_column_div av-zero-column-padding   avia-builder-el-2  el_after_av_one_fifth  el_before_av_one_full  \" style='border-radius:0px; '><div  style='padding-bottom:40px; ' class='av-special-heading av-special-heading-h2    avia-builder-el-3  avia-builder-el-no-sibling  '><h2 class='av-special-heading-tag '  itemprop=\"headline\"  >RapidEx\u00ae-L\u00f6schanlagen mit TubeTec\u00ae-Sensorschlauch<\/h2><div class='special-heading-border'><div class='special-heading-inner-border' ><\/div><\/div><\/div><\/div><div class=\"flex_column av_one_full  flex_column_div av-zero-column-padding first  avia-builder-el-4  el_after_av_four_fifth  el_before_av_one_full  \" style='border-radius:0px; '><div  class='avia-image-container  av-styling-    avia-builder-el-5  avia-builder-el-no-sibling  avia-align-center '  itemprop=\"image\" itemscope=\"itemscope\" itemtype=\"https:\/\/schema.org\/ImageObject\"  ><div class='avia-image-container-inner'><div class='avia-image-overlay-wrap'><img decoding=\"async\" class='wp-image-3211 avia-img-lazy-loading-not-3211 avia_image' src=\"https:\/\/rapid-ex.de\/wp-content\/uploads\/2020\/08\/sensorschlauch.jpg\" alt='' title='sensorschlauch' height=\"179\" width=\"990\"  itemprop=\"thumbnailUrl\" srcset=\"https:\/\/rapid-ex.de\/wp-content\/uploads\/2020\/08\/sensorschlauch.jpg 990w, https:\/\/rapid-ex.de\/wp-content\/uploads\/2020\/08\/sensorschlauch-300x54.jpg 300w, https:\/\/rapid-ex.de\/wp-content\/uploads\/2020\/08\/sensorschlauch-768x139.jpg 768w, https:\/\/rapid-ex.de\/wp-content\/uploads\/2020\/08\/sensorschlauch-705x127.jpg 705w, https:\/\/rapid-ex.de\/wp-content\/uploads\/2020\/08\/sensorschlauch-450x81.jpg 450w\" sizes=\"(max-width: 990px) 100vw, 990px\" \/><\/div><\/div><\/div><\/div><\/p>\n<div class=\"flex_column av_one_full  flex_column_div av-zero-column-padding first  avia-builder-el-6  el_after_av_one_full  avia-builder-el-last  column-top-margin\" style='border-radius:0px; '><section class=\"av_textblock_section \"  itemscope=\"itemscope\" itemtype=\"https:\/\/schema.org\/CreativeWork\" ><div class='avia_textblock  '   itemprop=\"text\" ><p>Durch die charakteristischen Vorteile des <strong>TubeTec\u00ae \u2013 Systems<\/strong>\u00a0werden L\u00f6schanlagenkonzepte erm\u00f6glicht, bei denen klassische Branderkennungssysteme nicht, oder nur mit erheblich gr\u00f6\u00dferen Kostenaufwand eingesetzt werden k\u00f6nnten. <strong>TubeTec\u00ae \u2013 Systeme<\/strong> reagieren schnell, sind flexibel und in Ihrer L\u00f6schfunktion unabh\u00e4ngig von externer Energiezufuhr. Dabei sind sie zuverl\u00e4ssig, st\u00f6runempfindlich und einfach zu warten. Die besondere Flexibilit\u00e4t dieses Konzeptes wird dadurch deutlich, dass zur Optimierung der L\u00f6schwirkung Art und Menge des L\u00f6schmittels f\u00fcr jedes zu sch\u00fctzende Objekt in Abh\u00e4ngigkeit vom Brandrisiko festgelegt werden kann.<\/p>\n<p>Das <strong>TubeTec\u00ae-Prinzip<\/strong> basiert darauf, dass die Branderkennung durch eine unter Druck stehende, temperaturempfindliche Kunststoffleitung (Sensorschlauch) erfolgt. Alle Folgevorg\u00e4nge, die f\u00fcr den L\u00f6schvorgang relevant sind, laufen ausschlie\u00dflich \u00fcber die im L\u00f6schsystem gespeicherte pneumatische Energie ab, so dass keine externe Energiezuf\u00fchrung und keine elektronische Steuerung erforderlich sind.Bei einer Temperatur von ca. 180 \u00b0C (je nach Temperaturanstiegsgeschwindigkeit) platzt der Schlauch auf und leitet den L\u00f6schvorgang ein.<\/p>\n<\/div><\/section><\/div>\n","protected":false},"excerpt":{"rendered":"","protected":false},"author":1,"featured_media":0,"parent":0,"menu_order":1000,"comment_status":"closed","ping_status":"closed","template":"","meta":{"footnotes":""},"class_list":["post-3210","page","type-page","status-publish","hentry"],"_links":{"self":[{"href":"https:\/\/rapid-ex.de\/index.php\/wp-json\/wp\/v2\/pages\/3210","targetHints":{"allow":["GET"]}}],"collection":[{"href":"https:\/\/rapid-ex.de\/index.php\/wp-json\/wp\/v2\/pages"}],"about":[{"href":"https:\/\/rapid-ex.de\/index.php\/wp-json\/wp\/v2\/types\/page"}],"author":[{"embeddable":true,"href":"https:\/\/rapid-ex.de\/index.php\/wp-json\/wp\/v2\/users\/1"}],"replies":[{"embeddable":true,"href":"https:\/\/rapid-ex.de\/index.php\/wp-json\/wp\/v2\/comments?post=3210"}],"version-history":[{"count":28,"href":"https:\/\/rapid-ex.de\/index.php\/wp-json\/wp\/v2\/pages\/3210\/revisions"}],"predecessor-version":[{"id":3305,"href":"https:\/\/rapid-ex.de\/index.php\/wp-json\/wp\/v2\/pages\/3210\/revisions\/3305"}],"wp:attachment":[{"href":"https:\/\/rapid-ex.de\/index.php\/wp-json\/wp\/v2\/media?parent=3210"}],"curies":[{"name":"wp","href":"https:\/\/api.w.org\/{rel}","templated":true}]}}